{"id":937,"date":"2014-02-06T18:33:20","date_gmt":"2014-02-06T18:33:20","guid":{"rendered":"http:\/\/www.amisducasset.com\/?page_id=937"},"modified":"2014-02-06T18:33:20","modified_gmt":"2014-02-06T18:33:20","slug":"election-municipale-a-venir","status":"publish","type":"page","link":"https:\/\/amisducasset.net\/index.php\/election-municipale-a-venir\/","title":{"rendered":"Election municipale &#8211; Actualit\u00e9"},"content":{"rendered":"<p>\t\t\t\t&nbsp;<\/p>\n<p>Nous avons \u00e9tabli ce <a href=\"http:\/\/www.amisducasset.com\/wp-content\/uploads\/2014\/02\/Question_aux_candidats-elections2014.pdf\" target=\"_blank\" rel=\"noopener noreferrer\">Questionnaire aux candidats <\/a>aux prochaines \u00e9lections municipales, nous ne manquerons pas de vous faire connaitre les r\u00e9ponses des candidats des deux listes d\u00e8s que nous les aurons.<\/p>\n<ul>\n<li>Voici <a href=\"http:\/\/www.amisducasset.com\/wp-content\/uploads\/2014\/01\/Les-amis-du-Casset-AM-Forgeoux.pdf\">la r\u00e9ponse d&rsquo;Anne-Marie Forgeoux<\/a><\/li>\n<\/ul>\n<ul>\n<li>\u00a0Vous trouverez ci joint les r\u00e9ponses de la liste \u00ab\u00a0Mon\u00eatier pour tous\u00a0\u00bb\u00a0 \u00e0 votre questionnement.<\/li>\n<\/ul>\n<p><span style=\"text-decoration: underline;\">\u00ab\u00a0Vie quotidienne<\/span>: 20km\\h, acc\u00e8s r\u00e9serv\u00e9 aux riverains (mais pb de la route communale qui traverse le hameau et qui emp\u00eache d&rsquo;interdire toute circulation), r\u00e9tablissement du point de collecte central et attention particuli\u00e8re au d\u00e9neigement,\u00a0 plan d&rsquo;am\u00e9nagement d&rsquo;ensemble du centre du hameau, respect de l&rsquo;application des r\u00e8gles d&rsquo;urbanisme (sinon refus de d\u00e9livrer la conformit\u00e9 du permis de construire) ,r\u00e9union dans chaque hameau pour d\u00e9terminer ensemble le programme annuel de travaux, installation d&rsquo;une borne wi-fi : telles sont quelques unes des mesures que nous pr\u00e9conisons<br \/>\n<span style=\"text-decoration: underline;\"><br \/>\n<\/span><span style=\"text-decoration: underline;\">Projets en cours<\/span> :<br \/>\nvoie verte: si le principe est int\u00e9ressant, il faut revoir le trac\u00e9, les usages, le co\u00fbt, etc&#8230;<br \/>\nmicrocentrale: votre description du projet est un peu apocalyptique! Attendons l&rsquo;\u00e9tude lanc\u00e9e par la commune; le site de cette magnifique promenade doit avant tout \u00eatre pr\u00e9serv\u00e9: protection des berges,<br \/>\nlimitation drastique de l&rsquo;acc\u00e8s automobile,refonte de la signalisation, etc..<br \/>\nBien amicalement et a tr\u00e8s bient\u00f4t.<br \/>\nGilles\u00a0\u00bb\t\t<\/p>\n","protected":false},"excerpt":{"rendered":"<p>&nbsp; Nous avons \u00e9tabli ce Questionnaire aux candidats aux prochaines \u00e9lections municipales, nous ne manquerons pas de vous faire connaitre les r\u00e9ponses des candidats des deux listes d\u00e8s que nous les aurons. Voici la r\u00e9ponse d&rsquo;Anne-Marie Forgeoux \u00a0Vous trouverez ci joint les r\u00e9ponses de la liste \u00ab\u00a0Mon\u00eatier pour tous\u00a0\u00bb\u00a0 \u00e0 votre questionnement. \u00ab\u00a0Vie quotidienne: 20km\\h, &hellip; <a href=\"https:\/\/amisducasset.net\/index.php\/election-municipale-a-venir\/\" class=\"more-link\">Continuer la lecture de <span class=\"screen-reader-text\">Election municipale &#8211; Actualit\u00e9<\/span>  <span class=\"meta-nav\">&rarr;<\/span><\/a><\/p>\n","protected":false},"author":2,"featured_media":250,"parent":0,"menu_order":0,"comment_status":"open","ping_status":"open","template":"","meta":{"footnotes":""},"class_list":["post-937","page","type-page","status-publish","has-post-thumbnail","hentry"],"_links":{"self":[{"href":"https:\/\/amisducasset.net\/index.php\/wp-json\/wp\/v2\/pages\/937","targetHints":{"allow":["GET"]}}],"collection":[{"href":"https:\/\/amisducasset.net\/index.php\/wp-json\/wp\/v2\/pages"}],"about":[{"href":"https:\/\/amisducasset.net\/index.php\/wp-json\/wp\/v2\/types\/page"}],"author":[{"embeddable":true,"href":"https:\/\/amisducasset.net\/index.php\/wp-json\/wp\/v2\/users\/2"}],"replies":[{"embeddable":true,"href":"https:\/\/amisducasset.net\/index.php\/wp-json\/wp\/v2\/comments?post=937"}],"version-history":[{"count":0,"href":"https:\/\/amisducasset.net\/index.php\/wp-json\/wp\/v2\/pages\/937\/revisions"}],"wp:featuredmedia":[{"embeddable":true,"href":"https:\/\/amisducasset.net\/index.php\/wp-json\/"}],"wp:attachment":[{"href":"https:\/\/amisducasset.net\/index.php\/wp-json\/wp\/v2\/media?parent=937"}],"curies":[{"name":"wp","href":"https:\/\/api.w.org\/{rel}","templated":true}]}}