{"id":81,"date":"2012-12-31T13:48:25","date_gmt":"2012-12-31T13:48:25","guid":{"rendered":"http:\/\/www.amisducasset.com\/?page_id=81"},"modified":"2012-12-31T13:48:25","modified_gmt":"2012-12-31T13:48:25","slug":"charte-patrimoniale-du-casset","status":"publish","type":"page","link":"https:\/\/amisducasset.net\/index.php\/buts-et-activites\/charte-patrimoniale-du-casset\/","title":{"rendered":"Charte patrimoniale du Casset"},"content":{"rendered":"<p>\t\t\t\tL&rsquo;int\u00e9gralit\u00e9 de ce document vous est propos\u00e9e sur notre site, sous forme de fichiers pdf un peu volumineux, du fait des nombreuses illustrations.<\/p>\n<p>N\u00e9anmoins, une version all\u00e9g\u00e9e est aussi propos\u00e9e, page par page, pour un aper\u00e7u rapide plus facile \u00e0 t\u00e9l\u00e9charger (chaque page est au format .jpg, qu&rsquo;il faut t\u00e9l\u00e9charger et ouvrir avec une application appropri\u00e9e, \u00e0 moins que votre navigateur ne l&rsquo;ouvre automatiquement).<\/p>\n<ul>\n<li><a href=\"http:\/\/www.amisducasset.org\/Charte_web\/Somm-Pres.pdf\" target=\"_blank\" rel=\"noopener noreferrer\">Sommaire et pr\u00e9sentation<\/a>\u00a0 \u00a0(ou version all\u00e9g\u00e9e : pages <a href=\"http:\/\/www.amisducasset.org\/Charte_web\/SommPres\/Somm-Pres-page1.jpg\" target=\"_blank\" rel=\"noopener noreferrer\">1,<\/a> <a href=\"http:\/\/www.amisducasset.org\/Charte_web\/SommPres\/Somm-Pres-page2.jpg\" target=\"_blank\" rel=\"noopener noreferrer\">2,<\/a> <a href=\"http:\/\/www.amisducasset.org\/Charte_web\/SommPres\/Somm-Pres-page3.jpg\" target=\"_blank\" rel=\"noopener noreferrer\">3,<\/a> <a href=\"http:\/\/www.amisducasset.org\/Charte_web\/SommPres\/Somm-Pres-page4.jpg\" target=\"_blank\" rel=\"noopener noreferrer\">4,<\/a> <a href=\"http:\/\/www.amisducasset.org\/Charte_web\/SommPres\/Somm-Pres-page5.jpg\" target=\"_blank\" rel=\"noopener noreferrer\">5,<\/a> <a href=\"http:\/\/www.amisducasset.org\/Charte_web\/SommPres\/Somm-Pres-page6.jpg\" target=\"_blank\" rel=\"noopener noreferrer\">6,<\/a> <a href=\"http:\/\/www.amisducasset.org\/Charte_web\/SommPres\/Somm-Pres-page7.jpg\" target=\"_blank\" rel=\"noopener noreferrer\">7,<\/a> <a href=\"http:\/\/www.amisducasset.org\/Charte_web\/SommPres\/Somm-Pres-page8.jpg\" target=\"_blank\" rel=\"noopener noreferrer\">8<\/a>)<\/li>\n<li><a href=\"http:\/\/www.amisducasset.org\/Charte_web\/Charte-Hist.pdf\" target=\"_blank\" rel=\"noopener noreferrer\">Historique<\/a> \u00a0 \u00a0(ou version all\u00e9g\u00e9e : pages <a href=\"http:\/\/www.amisducasset.org\/Charte_web\/Hist\/Historique-page1.jpg\" target=\"_blank\" rel=\"noopener noreferrer\">1,<\/a> <a href=\"http:\/\/www.amisducasset.org\/Charte_web\/Hist\/Historique-page2.jpg\" target=\"_blank\" rel=\"noopener noreferrer\">2,<\/a> <a href=\"http:\/\/www.amisducasset.org\/Charte_web\/Hist\/Historique-page3.jpg\" target=\"_blank\" rel=\"noopener noreferrer\">3,<\/a> <a href=\"http:\/\/www.amisducasset.org\/Charte_web\/Hist\/Historique-page4.jpg\" target=\"_blank\" rel=\"noopener noreferrer\">4,<\/a> <a href=\"http:\/\/www.amisducasset.org\/Charte_web\/Hist\/Historique-page5.jpg\" target=\"_blank\" rel=\"noopener noreferrer\">5,<\/a> <a href=\"http:\/\/www.amisducasset.org\/Charte_web\/Hist\/Historique-page6.jpg\" target=\"_blank\" rel=\"noopener noreferrer\">6,<\/a> <a href=\"http:\/\/www.amisducasset.org\/Charte_web\/Hist\/Historique-page7.jpg\" target=\"_blank\" rel=\"noopener noreferrer\">7,<\/a> <a href=\"http:\/\/www.amisducasset.org\/Charte_web\/Hist\/Historique-page8.jpg\" target=\"_blank\" rel=\"noopener noreferrer\">8,<\/a> <a href=\"http:\/\/www.amisducasset.org\/Charte_web\/Hist\/Historique-page9.jpg\" target=\"_blank\" rel=\"noopener noreferrer\">9,<\/a> <a href=\"http:\/\/www.amisducasset.org\/Charte_web\/Hist\/Historique-page10.jpg\" target=\"_blank\" rel=\"noopener noreferrer\">10,<\/a> <a href=\"http:\/\/www.amisducasset.org\/Charte_web\/Hist\/Historique-page11.jpg\" target=\"_blank\" rel=\"noopener noreferrer\">11,<\/a> <a href=\"http:\/\/www.amisducasset.org\/Charte_web\/Hist\/Historique-page12.jpg\" target=\"_blank\" rel=\"noopener noreferrer\">12,<\/a> <a href=\"http:\/\/www.amisducasset.org\/Charte_web\/Hist\/Historique-page13.jpg\" target=\"_blank\" rel=\"noopener noreferrer\">13,<\/a> <a href=\"http:\/\/www.amisducasset.org\/Charte_web\/Hist\/Historique-page14.jpg\" target=\"_blank\" rel=\"noopener noreferrer\">14,<\/a> <a href=\"http:\/\/www.amisducasset.org\/Charte_web\/Hist\/Historique-page15.jpg\" target=\"_blank\" rel=\"noopener noreferrer\">15,<\/a> <a href=\"http:\/\/www.amisducasset.org\/Charte_web\/Hist\/Historique-page16.jpg\" target=\"_blank\" rel=\"noopener noreferrer\">16,<\/a> <a href=\"http:\/\/www.amisducasset.org\/Charte_web\/Hist\/Historique-page17.jpg\" target=\"_blank\" rel=\"noopener noreferrer\">17,<\/a> <a href=\"http:\/\/www.amisducasset.org\/Charte_web\/Hist\/Historique-page18.jpg\" target=\"_blank\" rel=\"noopener noreferrer\">18,<\/a> <a href=\"http:\/\/www.amisducasset.org\/Charte_web\/Hist\/Historique-page19.jpg\" target=\"_blank\" rel=\"noopener noreferrer\">19,<\/a> <a href=\"http:\/\/www.amisducasset.org\/Charte_web\/Hist\/Historique-page20.jpg\" target=\"_blank\" rel=\"noopener noreferrer\">20,<\/a> <a href=\"http:\/\/www.amisducasset.org\/Charte_web\/Hist\/Historique-page21.jpg\" target=\"_blank\" rel=\"noopener noreferrer\">21,<\/a> <a href=\"http:\/\/www.amisducasset.org\/Charte_web\/Hist\/Historique-page22.jpg\" target=\"_blank\" rel=\"noopener noreferrer\">22,<\/a> <a href=\"http:\/\/www.amisducasset.org\/Charte_web\/Hist\/Historique-page23.jpg\" target=\"_blank\" rel=\"noopener noreferrer\">23<\/a> )<\/li>\n<li><a href=\"http:\/\/www.amisducasset.org\/Charte_web\/Charte-EtatLieux-0a12.pdf\" target=\"_blank\" rel=\"noopener noreferrer\">\u00c9tat des lieux, premi\u00e8re partie<\/a>\u00a0 \u00a0(ou version all\u00e9g\u00e9e : pages <a href=\"http:\/\/www.amisducasset.org\/Charte_web\/EL1\/Charte-EtatLieux-0a12-page1.jpg\" target=\"_blank\" rel=\"noopener noreferrer\">1,<\/a> <a href=\"http:\/\/www.amisducasset.org\/Charte_web\/EL1\/Charte-EtatLieux-0a12-page2.jpg\" target=\"_blank\" rel=\"noopener noreferrer\">2,<\/a> <a href=\"http:\/\/www.amisducasset.org\/Charte_web\/EL1\/Charte-EtatLieux-0a12-page3.jpg\" target=\"_blank\" rel=\"noopener noreferrer\">3,<\/a> <a href=\"http:\/\/www.amisducasset.org\/Charte_web\/EL1\/Charte-EtatLieux-0a12-page4.jpg\" target=\"_blank\" rel=\"noopener noreferrer\">4,<\/a> <a href=\"http:\/\/www.amisducasset.org\/Charte_web\/EL1\/Charte-EtatLieux-0a12-page5.jpg\" target=\"_blank\" rel=\"noopener noreferrer\">5,<\/a> <a href=\"http:\/\/www.amisducasset.org\/Charte_web\/EL1\/Charte-EtatLieux-0a12-page6.jpg\" target=\"_blank\" rel=\"noopener noreferrer\">6,<\/a> <a href=\"http:\/\/www.amisducasset.org\/Charte_web\/EL1\/Charte-EtatLieux-0a12-page7.jpg\" target=\"_blank\" rel=\"noopener noreferrer\">7,<\/a> <a href=\"http:\/\/www.amisducasset.org\/Charte_web\/EL1\/Charte-EtatLieux-0a12-page8.jpg\" target=\"_blank\" rel=\"noopener noreferrer\">8,<\/a> <a href=\"http:\/\/www.amisducasset.org\/Charte_web\/EL1\/Charte-EtatLieux-0a12-page9.jpg\" target=\"_blank\" rel=\"noopener noreferrer\">9,<\/a> <a href=\"http:\/\/www.amisducasset.org\/Charte_web\/EL1\/Charte-EtatLieux-0a12-page10.jpg\" target=\"_blank\" rel=\"noopener noreferrer\">10,<\/a> <a href=\"http:\/\/www.amisducasset.org\/Charte_web\/EL1\/Charte-EtatLieux-0a12-page11.jpg\" target=\"_blank\" rel=\"noopener noreferrer\">11,<\/a> <a href=\"http:\/\/www.amisducasset.org\/Charte_web\/EL1\/Charte-EtatLieux-0a12-page12.jpg\" target=\"_blank\" rel=\"noopener noreferrer\">12,<\/a> <a href=\"http:\/\/www.amisducasset.org\/Charte_web\/EL1\/Charte-EtatLieux-0a12-page13.jpg\" target=\"_blank\" rel=\"noopener noreferrer\">13<\/a>)<\/li>\n<li><a href=\"http:\/\/www.amisducasset.org\/Charte_web\/Charte-EtatLieux-13a25.pdf\" target=\"_blank\" rel=\"noopener noreferrer\">\u00c9tat des lieux, deuxi\u00e8me partie<\/a>\u00a0 \u00a0(ou version all\u00e9g\u00e9e : pages <a href=\"http:\/\/www.amisducasset.org\/Charte_web\/EL2\/Charte-EtatLieux-13a25-page1.jpg\" target=\"_blank\" rel=\"noopener noreferrer\">1,<\/a> <a href=\"http:\/\/www.amisducasset.org\/Charte_web\/EL2\/Charte-EtatLieux-13a25-page2.jpg\" target=\"_blank\" rel=\"noopener noreferrer\">2,<\/a> <a href=\"http:\/\/www.amisducasset.org\/Charte_web\/EL2\/Charte-EtatLieux-13a25-page3.jpg\" target=\"_blank\" rel=\"noopener noreferrer\">3,<\/a> <a href=\"http:\/\/www.amisducasset.org\/Charte_web\/EL2\/Charte-EtatLieux-13a25-page4.jpg\" target=\"_blank\" rel=\"noopener noreferrer\">4,<\/a> <a href=\"http:\/\/www.amisducasset.org\/Charte_web\/EL2\/Charte-EtatLieux-13a25-page5.jpg\" target=\"_blank\" rel=\"noopener noreferrer\">5,<\/a> <a href=\"http:\/\/www.amisducasset.org\/Charte_web\/EL2\/Charte-EtatLieux-13a25-page6.jpg\" target=\"_blank\" rel=\"noopener noreferrer\">6,<\/a> <a href=\"http:\/\/www.amisducasset.org\/Charte_web\/EL2\/Charte-EtatLieux-13a25-page7.jpg\" target=\"_blank\" rel=\"noopener noreferrer\">7,<\/a> <a href=\"http:\/\/www.amisducasset.org\/Charte_web\/EL2\/Charte-EtatLieux-13a25-page8.jpg\" target=\"_blank\" rel=\"noopener noreferrer\">8,<\/a> <a href=\"http:\/\/www.amisducasset.org\/Charte_web\/EL2\/Charte-EtatLieux-13a25-page9.jpg\" target=\"_blank\" rel=\"noopener noreferrer\">9,<\/a> <a href=\"http:\/\/www.amisducasset.org\/Charte_web\/EL2\/Charte-EtatLieux-13a25-page10.jpg\" target=\"_blank\" rel=\"noopener noreferrer\">10,<\/a> <a href=\"http:\/\/www.amisducasset.org\/Charte_web\/EL2\/Charte-EtatLieux-13a25-page11.jpg\" target=\"_blank\" rel=\"noopener noreferrer\">11,<\/a> <a href=\"http:\/\/www.amisducasset.org\/Charte_web\/EL2\/Charte-EtatLieux-13a25-page12.jpg\" target=\"_blank\" rel=\"noopener noreferrer\">12,<\/a> <a href=\"http:\/\/www.amisducasset.org\/Charte_web\/EL2\/Charte-EtatLieux-13a25-page13.jpg\" target=\"_blank\" rel=\"noopener noreferrer\">13<\/a>)<\/li>\n<li><a href=\"http:\/\/www.amisducasset.org\/Charte_web\/Charte-EtatLieux-26a36.pdf\" target=\"_blank\" rel=\"noopener noreferrer\">\u00c9tat des lieux, troisi\u00e8me partie<\/a>\u00a0 \u00a0(ou version all\u00e9g\u00e9e : pages <a href=\"http:\/\/www.amisducasset.org\/Charte_web\/EL3\/Charte-EtatLieux-26a36-page1.jpg\" target=\"_blank\" rel=\"noopener noreferrer\">1,<\/a> <a href=\"http:\/\/www.amisducasset.org\/Charte_web\/EL3\/Charte-EtatLieux-26a36-page2.jpg\" target=\"_blank\" rel=\"noopener noreferrer\">2,<\/a> <a href=\"http:\/\/www.amisducasset.org\/Charte_web\/EL3\/Charte-EtatLieux-26a36-page3.jpg\" target=\"_blank\" rel=\"noopener noreferrer\">3,<\/a> <a href=\"http:\/\/www.amisducasset.org\/Charte_web\/EL3\/Charte-EtatLieux-26a36-page4.jpg\" target=\"_blank\" rel=\"noopener noreferrer\">4,<\/a> <a href=\"http:\/\/www.amisducasset.org\/Charte_web\/EL3\/Charte-EtatLieux-26a36-page5.jpg\" target=\"_blank\" rel=\"noopener noreferrer\">5,<\/a> <a href=\"http:\/\/www.amisducasset.org\/Charte_web\/EL3\/Charte-EtatLieux-26a36-page6.jpg\" target=\"_blank\" rel=\"noopener noreferrer\">6,<\/a> <a href=\"http:\/\/www.amisducasset.org\/Charte_web\/EL3\/Charte-EtatLieux-26a36-page7.jpg\" target=\"_blank\" rel=\"noopener noreferrer\">7,<\/a> <a href=\"http:\/\/www.amisducasset.org\/Charte_web\/EL3\/Charte-EtatLieux-26a36-page8.jpg\" target=\"_blank\" rel=\"noopener noreferrer\">8,<\/a> <a href=\"http:\/\/www.amisducasset.org\/Charte_web\/EL3\/Charte-EtatLieux-26a36-page9.jpg\" target=\"_blank\" rel=\"noopener noreferrer\">9,<\/a> <a href=\"http:\/\/www.amisducasset.org\/Charte_web\/EL3\/Charte-EtatLieux-26a36-page10.jpg\" target=\"_blank\" rel=\"noopener noreferrer\">10,<\/a> <a href=\"http:\/\/www.amisducasset.org\/Charte_web\/EL3\/Charte-EtatLieux-26a36-page11.jpg\" target=\"_blank\" rel=\"noopener noreferrer\">11<\/a>)<\/li>\n<li><a href=\"http:\/\/www.amisducasset.org\/Charte_web\/Charte-EtatLieux-37a47.pdf\" target=\"_blank\" rel=\"noopener noreferrer\">\u00c9tat des lieux, quatri\u00e8me partie<\/a>\u00a0 \u00a0(ou version all\u00e9g\u00e9e : pages <a href=\"http:\/\/www.amisducasset.org\/Charte_web\/EL4\/Charte-EtatLieux-37a47-page1.jpg\" target=\"_blank\" rel=\"noopener noreferrer\">1,<\/a> <a href=\"http:\/\/www.amisducasset.org\/Charte_web\/EL4\/Charte-EtatLieux-37a47-page2.jpg\" target=\"_blank\" rel=\"noopener noreferrer\">2,<\/a> <a href=\"http:\/\/www.amisducasset.org\/Charte_web\/EL4\/Charte-EtatLieux-37a47-page3.jpg\" target=\"_blank\" rel=\"noopener noreferrer\">3,<\/a> <a href=\"http:\/\/www.amisducasset.org\/Charte_web\/EL4\/Charte-EtatLieux-37a47-page4.jpg\" target=\"_blank\" rel=\"noopener noreferrer\">4,<\/a> <a href=\"http:\/\/www.amisducasset.org\/Charte_web\/EL4\/Charte-EtatLieux-37a47-page5.jpg\" target=\"_blank\" rel=\"noopener noreferrer\">5,<\/a> <a href=\"http:\/\/www.amisducasset.org\/Charte_web\/EL4\/Charte-EtatLieux-37a47-page6.jpg\" target=\"_blank\" rel=\"noopener noreferrer\">6,<\/a> <a href=\"http:\/\/www.amisducasset.org\/Charte_web\/EL4\/Charte-EtatLieux-37a47-page7.jpg\" target=\"_blank\" rel=\"noopener noreferrer\">7,<\/a> <a href=\"http:\/\/www.amisducasset.org\/Charte_web\/EL4\/Charte-EtatLieux-37a47-page8.jpg\" target=\"_blank\" rel=\"noopener noreferrer\">8,<\/a> <a href=\"http:\/\/www.amisducasset.org\/Charte_web\/EL4\/Charte-EtatLieux-37a47-page9.jpg\" target=\"_blank\" rel=\"noopener noreferrer\">9,<\/a> <a href=\"http:\/\/www.amisducasset.org\/Charte_web\/EL4\/Charte-EtatLieux-37a47-page10.jpg\" target=\"_blank\" rel=\"noopener noreferrer\">10,<\/a> <a href=\"http:\/\/www.amisducasset.org\/Charte_web\/EL4\/Charte-EtatLieux-37a47-page11.jpg\" target=\"_blank\" rel=\"noopener noreferrer\">11<\/a>)<\/li>\n<li><a href=\"http:\/\/www.amisducasset.org\/Charte_web\/Charte-Or.pdf\" target=\"_blank\" rel=\"noopener noreferrer\">Orientations<\/a>\u00a0 \u00a0(ou version all\u00e9g\u00e9e : pages <a href=\"http:\/\/www.amisducasset.org\/Charte_web\/OR\/Charte-Or-page1.jpg\" target=\"_blank\" rel=\"noopener noreferrer\">1,<\/a> <a href=\"http:\/\/www.amisducasset.org\/Charte_web\/OR\/Charte-Or-page2.jpg\" target=\"_blank\" rel=\"noopener noreferrer\">2,<\/a> <a href=\"http:\/\/www.amisducasset.org\/Charte_web\/OR\/Charte-Or-page3.jpg\" target=\"_blank\" rel=\"noopener noreferrer\">3,<\/a> <a href=\"http:\/\/www.amisducasset.org\/Charte_web\/OR\/Charte-Or-page4.jpg\" target=\"_blank\" rel=\"noopener noreferrer\">4,<\/a> <a href=\"http:\/\/www.amisducasset.org\/Charte_web\/OR\/Charte-Or-page5.jpg\" target=\"_blank\" rel=\"noopener noreferrer\">5,<\/a> <a href=\"http:\/\/www.amisducasset.org\/Charte_web\/OR\/Charte-Or-page6.jpg\" target=\"_blank\" rel=\"noopener noreferrer\">6,<\/a> <a href=\"http:\/\/www.amisducasset.org\/Charte_web\/OR\/Charte-Or-page7.jpg\" target=\"_blank\" rel=\"noopener noreferrer\">7,<\/a> <a href=\"http:\/\/www.amisducasset.org\/Charte_web\/OR\/Charte-Or-page8.jpg\" target=\"_blank\" rel=\"noopener noreferrer\">8,<\/a> <a href=\"http:\/\/www.amisducasset.org\/Charte_web\/OR\/Charte-Or-page9.jpg\" target=\"_blank\" rel=\"noopener noreferrer\">9,<\/a> <a href=\"http:\/\/www.amisducasset.org\/Charte_web\/OR\/Charte-Or-page10.jpg\" target=\"_blank\" rel=\"noopener noreferrer\">10,<\/a> <a href=\"http:\/\/www.amisducasset.org\/Charte_web\/OR\/Charte-Or-page11.jpg\" target=\"_blank\" rel=\"noopener noreferrer\">11,<\/a> <a href=\"http:\/\/www.amisducasset.org\/Charte_web\/OR\/Charte-Or-page12.jpg\" target=\"_blank\" rel=\"noopener noreferrer\">12,<\/a> <a href=\"http:\/\/www.amisducasset.org\/Charte_web\/OR\/Charte-Or-page13.jpg\" target=\"_blank\" rel=\"noopener noreferrer\">13,<\/a> <a href=\"http:\/\/www.amisducasset.org\/Charte_web\/OR\/Charte-Or-page14.jpg\" target=\"_blank\" rel=\"noopener noreferrer\">14,<\/a> <a href=\"http:\/\/www.amisducasset.org\/Charte_web\/OR\/Charte-Or-page15.jpg\" target=\"_blank\" rel=\"noopener noreferrer\">15,<\/a> <a href=\"http:\/\/www.amisducasset.org\/Charte_web\/OR\/Charte-Or-page16.jpg\" target=\"_blank\" rel=\"noopener noreferrer\">16,<\/a> <a href=\"http:\/\/www.amisducasset.org\/Charte_web\/OR\/Charte-Or-page17.jpg\" target=\"_blank\" rel=\"noopener noreferrer\">17,<\/a> <a href=\"http:\/\/www.amisducasset.org\/Charte_web\/OR\/Charte-Or-page18.jpg\" target=\"_blank\" rel=\"noopener noreferrer\">18,<\/a> <a href=\"http:\/\/www.amisducasset.org\/Charte_web\/OR\/Charte-Or-page19.jpg\" target=\"_blank\" rel=\"noopener noreferrer\">19,<\/a> <a href=\"http:\/\/www.amisducasset.org\/Charte_web\/OR\/Charte-Or-page20.jpg\" target=\"_blank\" rel=\"noopener noreferrer\">20,<\/a> <a href=\"http:\/\/www.amisducasset.org\/Charte_web\/OR\/Charte-Or-page21.jpg\" target=\"_blank\" rel=\"noopener noreferrer\">21,<\/a> <a href=\"http:\/\/www.amisducasset.org\/Charte_web\/OR\/Charte-Or-page22.jpg\" target=\"_blank\" rel=\"noopener noreferrer\">22,<\/a> <a href=\"http:\/\/www.amisducasset.org\/Charte_web\/OR\/Charte-Or-page23.jpg\" target=\"_blank\" rel=\"noopener noreferrer\">23,<\/a> <a href=\"http:\/\/www.amisducasset.org\/Charte_web\/OR\/Charte-Or-page24.jpg\" target=\"_blank\" rel=\"noopener noreferrer\">24,<\/a> <a href=\"http:\/\/www.amisducasset.org\/Charte_web\/OR\/Charte-Or-page25.jpg\" target=\"_blank\" rel=\"noopener noreferrer\">25,<\/a> <a href=\"http:\/\/www.amisducasset.org\/Charte_web\/OR\/Charte-Or-page26.jpg\" target=\"_blank\" rel=\"noopener noreferrer\">26,<\/a> <a href=\"http:\/\/www.amisducasset.org\/Charte_web\/OR\/Charte-Or-page27.jpg\" target=\"_blank\" rel=\"noopener noreferrer\">27<\/a>)<\/li>\n<\/ul>\n","protected":false},"excerpt":{"rendered":"<p>L&rsquo;int\u00e9gralit\u00e9 de ce document vous est propos\u00e9e sur notre site, sous forme de fichiers pdf un peu volumineux, du fait des nombreuses illustrations. N\u00e9anmoins, une version all\u00e9g\u00e9e est aussi propos\u00e9e, page par page, pour un aper\u00e7u rapide plus facile \u00e0 t\u00e9l\u00e9charger (chaque page est au format .jpg, qu&rsquo;il faut t\u00e9l\u00e9charger et ouvrir avec une application &hellip; <a href=\"https:\/\/amisducasset.net\/index.php\/buts-et-activites\/charte-patrimoniale-du-casset\/\" class=\"more-link\">Continuer la lecture de <span class=\"screen-reader-text\">Charte patrimoniale du Casset<\/span>  <span class=\"meta-nav\">&rarr;<\/span><\/a><\/p>\n","protected":false},"author":1,"featured_media":0,"parent":63,"menu_order":0,"comment_status":"closed","ping_status":"closed","template":"","meta":{"footnotes":""},"class_list":["post-81","page","type-page","status-publish","hentry"],"_links":{"self":[{"href":"https:\/\/amisducasset.net\/index.php\/wp-json\/wp\/v2\/pages\/81","targetHints":{"allow":["GET"]}}],"collection":[{"href":"https:\/\/amisducasset.net\/index.php\/wp-json\/wp\/v2\/pages"}],"about":[{"href":"https:\/\/amisducasset.net\/index.php\/wp-json\/wp\/v2\/types\/page"}],"author":[{"embeddable":true,"href":"https:\/\/amisducasset.net\/index.php\/wp-json\/wp\/v2\/users\/1"}],"replies":[{"embeddable":true,"href":"https:\/\/amisducasset.net\/index.php\/wp-json\/wp\/v2\/comments?post=81"}],"version-history":[{"count":0,"href":"https:\/\/amisducasset.net\/index.php\/wp-json\/wp\/v2\/pages\/81\/revisions"}],"up":[{"embeddable":true,"href":"https:\/\/amisducasset.net\/index.php\/wp-json\/wp\/v2\/pages\/63"}],"wp:attachment":[{"href":"https:\/\/amisducasset.net\/index.php\/wp-json\/wp\/v2\/media?parent=81"}],"curies":[{"name":"wp","href":"https:\/\/api.w.org\/{rel}","templated":true}]}}