{"id":77,"date":"2012-12-31T13:47:25","date_gmt":"2012-12-31T13:47:25","guid":{"rendered":"http:\/\/www.amisducasset.com\/?page_id=77"},"modified":"2012-12-31T13:47:25","modified_gmt":"2012-12-31T13:47:25","slug":"liens","status":"publish","type":"page","link":"https:\/\/amisducasset.net\/index.php\/liens\/","title":{"rendered":"Liens"},"content":{"rendered":"<ul>\n<li><a href=\"http:\/\/www.ecrins-parcnational.fr\/\" target=\"_blank\" rel=\"noopener noreferrer\">Le Parc National des \u00c9crins<\/a><\/li>\n<li><a href=\"http:\/\/www.vallouimages.com\/guisane.htm\" target=\"_blank\" rel=\"noopener noreferrer\">Vallouimages<\/a><\/li>\n<li><a href=\"http:\/\/www.monetier.com\/\" target=\"_blank\" rel=\"noopener noreferrer\">Mairie de Mon\u00eatier-les-Bains<\/a><\/li>\n<li><a href=\"http:\/\/sports.montagnes.free.fr\" target=\"_blank\" rel=\"noopener noreferrer\">Sports et Montagnes<\/a><\/li>\n<li><a href=\"http:\/\/stchaffrey1350.free.fr\/\" target=\"_blank\" rel=\"noopener noreferrer\">Des photos de la vall\u00e9e<\/a><\/li>\n<li><a href=\"http:\/\/www.ffcam.fr\/\" target=\"_blank\" rel=\"noopener noreferrer\">Le Club Alpin Fran\u00e7ais<\/a><\/li>\n<li><a href=\"http:\/\/www.guisane-ouverte.fr\" target=\"_blank\" rel=\"noopener noreferrer\">Association \u00ab\u00a0Guisane Ouverte\u00a0\u00bb<\/a><\/li>\n<li><a href=\"http:\/\/maps.google.fr\/maps?hl=fr&amp;client=firefox-a&amp;rls=org.mozilla:en-US:official&amp;hs=Ea0&amp;q=Le+Casset+Mon%C3%AAtier+les+bains&amp;um=1&amp;ie=UTF-8&amp;split=0&amp;gl=fr&amp;ei=dKabScuNApWN-gauku3YBA&amp;sa=X&amp;oi=geocode_result&amp;resnum=1&amp;ct=title\" target=\"_blank\" rel=\"noopener noreferrer\">Le Casset sur \u00ab\u00a0Google maps\u00a0\u00bb<\/a><\/li>\n<li><a href=\"http:\/\/www.hautes-alpes.net\/\" target=\"_blank\" rel=\"noopener noreferrer\">Tourisme en Hautes-Alpes<\/a><\/li>\n<li><a href=\"http:\/\/www.cg05.fr\/\" target=\"_blank\" rel=\"noopener noreferrer\">Conseil G\u00e9n\u00e9ral des Hautes Alpes<\/a><\/li>\n<li><a href=\"http:\/\/www.serre-chevalier.com\/Webcams\" target=\"_blank\" rel=\"noopener noreferrer\">Webcams de la station<\/a><\/li>\n<li><a href=\"http:\/\/www.automobileclubprovence.com\/infos-trafic-bouches-du-rhone-marseille-region-provence-paca.html\" target=\"_blank\" rel=\"noopener noreferrer\">\u00c9tat des routes de l&rsquo;Automobile Club de Provence<\/a><\/li>\n<li><a href=\"http:\/\/clubalpin.briancon.free.fr\/\" target=\"_blank\" rel=\"noopener noreferrer\">Informations utiles sur le site du CAF de Brian\u00e7on<\/a><\/li>\n<li><a href=\"http:\/\/www.autocars-resalp.com\/\" target=\"_blank\" rel=\"noopener noreferrer\">Transports RESALP<\/a><\/li>\n<\/ul>\n","protected":false},"excerpt":{"rendered":"<p>Le Parc National des \u00c9crins Vallouimages Mairie de Mon\u00eatier-les-Bains Sports et Montagnes Des photos de la vall\u00e9e Le Club Alpin Fran\u00e7ais Association \u00ab\u00a0Guisane Ouverte\u00a0\u00bb Le Casset sur \u00ab\u00a0Google maps\u00a0\u00bb Tourisme en Hautes-Alpes Conseil G\u00e9n\u00e9ral des Hautes Alpes Webcams de la station \u00c9tat des routes de l&rsquo;Automobile Club de Provence Informations utiles sur le site du &hellip; <a href=\"https:\/\/amisducasset.net\/index.php\/liens\/\" class=\"more-link\">Continuer la lecture de <span class=\"screen-reader-text\">Liens<\/span>  <span class=\"meta-nav\">&rarr;<\/span><\/a><\/p>\n","protected":false},"author":1,"featured_media":0,"parent":0,"menu_order":0,"comment_status":"closed","ping_status":"closed","template":"","meta":{"footnotes":""},"class_list":["post-77","page","type-page","status-publish","hentry"],"_links":{"self":[{"href":"https:\/\/amisducasset.net\/index.php\/wp-json\/wp\/v2\/pages\/77","targetHints":{"allow":["GET"]}}],"collection":[{"href":"https:\/\/amisducasset.net\/index.php\/wp-json\/wp\/v2\/pages"}],"about":[{"href":"https:\/\/amisducasset.net\/index.php\/wp-json\/wp\/v2\/types\/page"}],"author":[{"embeddable":true,"href":"https:\/\/amisducasset.net\/index.php\/wp-json\/wp\/v2\/users\/1"}],"replies":[{"embeddable":true,"href":"https:\/\/amisducasset.net\/index.php\/wp-json\/wp\/v2\/comments?post=77"}],"version-history":[{"count":0,"href":"https:\/\/amisducasset.net\/index.php\/wp-json\/wp\/v2\/pages\/77\/revisions"}],"wp:attachment":[{"href":"https:\/\/amisducasset.net\/index.php\/wp-json\/wp\/v2\/media?parent=77"}],"curies":[{"name":"wp","href":"https:\/\/api.w.org\/{rel}","templated":true}]}}