{"id":67,"date":"2012-12-31T13:45:41","date_gmt":"2012-12-31T13:45:41","guid":{"rendered":"http:\/\/www.amisducasset.com\/?page_id=67"},"modified":"2012-12-31T13:45:41","modified_gmt":"2012-12-31T13:45:41","slug":"contacts","status":"publish","type":"page","link":"https:\/\/amisducasset.net\/index.php\/contacts\/","title":{"rendered":"Contacts"},"content":{"rendered":"<p>\t\t\t\tAdresse postale de l&rsquo;association :<\/p>\n<p>Les Amis du Casset<br \/>\nc\/o H\u00e9l\u00e8ne Denis<br \/>\nRue des Petites S\u0153urs<br \/>\nLe Casset<br \/>\n05220 Le Mon\u00eatier-les-Bains<\/p>\n<p>N.B. Les courriers contenant les ch\u00e8ques de cotisation doivent \u00eatre adress\u00e9s \u00e0:<\/p>\n<p>Association des Amis du Casset<br \/>\nBP n\u00b0 3<br \/>\n05220 Le Mon\u00eatier les Bains<\/p>\n<p>Pour nous contacter ou mettre un commentaire merci de remplir le cadre suivant:<\/p>\n[contact-form-7 404 \"Non trouv\u00e9\"]\n","protected":false},"excerpt":{"rendered":"<p>Adresse postale de l&rsquo;association : Les Amis du Casset c\/o H\u00e9l\u00e8ne Denis Rue des Petites S\u0153urs Le Casset 05220 Le Mon\u00eatier-les-Bains N.B. Les courriers contenant les ch\u00e8ques de cotisation doivent \u00eatre adress\u00e9s \u00e0: Association des Amis du Casset BP n\u00b0 3 05220 Le Mon\u00eatier les Bains Pour nous contacter ou mettre un commentaire merci de &hellip; <a href=\"https:\/\/amisducasset.net\/index.php\/contacts\/\" class=\"more-link\">Continuer la lecture de <span class=\"screen-reader-text\">Contacts<\/span>  <span class=\"meta-nav\">&rarr;<\/span><\/a><\/p>\n","protected":false},"author":1,"featured_media":0,"parent":0,"menu_order":0,"comment_status":"open","ping_status":"closed","template":"","meta":{"footnotes":""},"class_list":["post-67","page","type-page","status-publish","hentry"],"_links":{"self":[{"href":"https:\/\/amisducasset.net\/index.php\/wp-json\/wp\/v2\/pages\/67","targetHints":{"allow":["GET"]}}],"collection":[{"href":"https:\/\/amisducasset.net\/index.php\/wp-json\/wp\/v2\/pages"}],"about":[{"href":"https:\/\/amisducasset.net\/index.php\/wp-json\/wp\/v2\/types\/page"}],"author":[{"embeddable":true,"href":"https:\/\/amisducasset.net\/index.php\/wp-json\/wp\/v2\/users\/1"}],"replies":[{"embeddable":true,"href":"https:\/\/amisducasset.net\/index.php\/wp-json\/wp\/v2\/comments?post=67"}],"version-history":[{"count":0,"href":"https:\/\/amisducasset.net\/index.php\/wp-json\/wp\/v2\/pages\/67\/revisions"}],"wp:attachment":[{"href":"https:\/\/amisducasset.net\/index.php\/wp-json\/wp\/v2\/media?parent=67"}],"curies":[{"name":"wp","href":"https:\/\/api.w.org\/{rel}","templated":true}]}}