{"id":607,"date":"2013-11-19T08:18:21","date_gmt":"2013-11-19T08:18:21","guid":{"rendered":"http:\/\/www.amisducasset.com\/?page_id=607"},"modified":"2013-11-19T08:18:21","modified_gmt":"2013-11-19T08:18:21","slug":"classement-des-cours-deau","status":"publish","type":"page","link":"https:\/\/amisducasset.net\/index.php\/classement-des-cours-deau\/","title":{"rendered":"Classement des cours d&rsquo;eau"},"content":{"rendered":"<p>\t\t\t\tLe classement des cours d\u2019eau du <a href=\"http:\/\/www.rhone-mediterranee.eaufrance.fr\/gestion\/classt-coursdo\/procedure.php\" target=\"_blank\" rel=\"noopener noreferrer\">bassin Rh\u00f4ne-M\u00e9diterran\u00e9e<\/a> a \u00e9t\u00e9 publi\u00e9 au <a href=\"http:\/\/www.amisducasset.com\/wp-content\/uploads\/2014\/01\/liste-des-cours-deau.pdf\" target=\"_blank\" rel=\"noopener noreferrer\">JO du 11 septembre 2013<\/a>.<\/p>\n<p>La Guisane et ses affluents devaient au d\u00e9part \u00eatre prot\u00e9g\u00e9s de tout am\u00e9nagement, mais\u00a0 une forte pression des acteurs locaux (\u00e9lus et am\u00e9nageurs d\u2019installations hydro\u00e9lectriques) a abouti au non classement en cat\u00e9gorie1 (cat\u00e9gorie dans laquelle l\u2019am\u00e9nagement est impossible) des deux Tabuc, dans le but \u00a0annonc\u00e9 d\u2019y installer une microcentrale (comprenant une seule usine) sur les deux cours d\u2019eau (2,3 Mw sur le petit Tabuc et 1,8\u00a0 MW\u00a0 sur le grand) en collaboration avec EDSB (\u00e9nergie, d\u00e9veloppement, services du Brian\u00e7onnais).<\/p>\n<p>Si ce projet devait aboutir, il r\u00e9duirait consid\u00e9rablement les flux \u00a0de ces cours d\u2019eau et engendrerait, concernant notre petit Tabuc, des travaux importants le long du chemin du Lac de la Douche\u00a0; le petit Tabuc class\u00e9 en tr\u00e8s bon \u00e9tat biologique n\u2019a pourtant pas vocation \u00e0 supporter de tels am\u00e9nagements.<\/p>\n<p>Nous nous mobilisons pour l\u2019\u00e9viter et garder intact le cadre, les alentours et le torrent lui-m\u00eame. Rappelons \u00e0 cette occasion que notre association avait d\u00e9j\u00e0 combattu avec succ\u00e8s en 1978 un projet similaire.<\/p>\n<p>L\u2019arr\u00eat\u00e9 portant classement des cours d\u2019eau \u00e9tant paru au JO du 11 septembre dernier, nous avons\u00a0 d\u00e9j\u00e0 adress\u00e9 un recours gracieux au pr\u00e9fet coordonnateur de bassin contre l\u2019arr\u00eat\u00e9 qui excluait les Tabuc et ne comprenait pas les affluents de la Guisane, elle m\u00eame prot\u00e9g\u00e9e comme r\u00e9serve biologique (lire pour information\u00a0 <a href=\"http:\/\/www.frapna.org\/images\/docs\/eau\/Article_JP_suite_aux_arr%C3%AAt%C3%A9s_Classement_VF_3p.pdf\">http:\/\/www.frapna.org\/images\/docs\/eau\/Article_JP_suite_aux_arr%C3%AAt%C3%A9s_Classement_VF_3p.pdf<\/a> )\t\t<\/p>\n","protected":false},"excerpt":{"rendered":"<p>Le classement des cours d\u2019eau du bassin Rh\u00f4ne-M\u00e9diterran\u00e9e a \u00e9t\u00e9 publi\u00e9 au JO du 11 septembre 2013. La Guisane et ses affluents devaient au d\u00e9part \u00eatre prot\u00e9g\u00e9s de tout am\u00e9nagement, mais\u00a0 une forte pression des acteurs locaux (\u00e9lus et am\u00e9nageurs d\u2019installations hydro\u00e9lectriques) a abouti au non classement en cat\u00e9gorie1 (cat\u00e9gorie dans laquelle l\u2019am\u00e9nagement est impossible) &hellip; <a href=\"https:\/\/amisducasset.net\/index.php\/classement-des-cours-deau\/\" class=\"more-link\">Continuer la lecture de <span class=\"screen-reader-text\">Classement des cours d&rsquo;eau<\/span>  <span class=\"meta-nav\">&rarr;<\/span><\/a><\/p>\n","protected":false},"author":2,"featured_media":0,"parent":0,"menu_order":0,"comment_status":"open","ping_status":"open","template":"","meta":{"footnotes":""},"class_list":["post-607","page","type-page","status-publish","hentry"],"_links":{"self":[{"href":"https:\/\/amisducasset.net\/index.php\/wp-json\/wp\/v2\/pages\/607","targetHints":{"allow":["GET"]}}],"collection":[{"href":"https:\/\/amisducasset.net\/index.php\/wp-json\/wp\/v2\/pages"}],"about":[{"href":"https:\/\/amisducasset.net\/index.php\/wp-json\/wp\/v2\/types\/page"}],"author":[{"embeddable":true,"href":"https:\/\/amisducasset.net\/index.php\/wp-json\/wp\/v2\/users\/2"}],"replies":[{"embeddable":true,"href":"https:\/\/amisducasset.net\/index.php\/wp-json\/wp\/v2\/comments?post=607"}],"version-history":[{"count":0,"href":"https:\/\/amisducasset.net\/index.php\/wp-json\/wp\/v2\/pages\/607\/revisions"}],"wp:attachment":[{"href":"https:\/\/amisducasset.net\/index.php\/wp-json\/wp\/v2\/media?parent=607"}],"curies":[{"name":"wp","href":"https:\/\/api.w.org\/{rel}","templated":true}]}}