{"id":562,"date":"2013-11-07T10:03:40","date_gmt":"2013-11-07T10:03:40","guid":{"rendered":"http:\/\/www.amisducasset.com\/?page_id=562"},"modified":"2013-11-07T10:03:40","modified_gmt":"2013-11-07T10:03:40","slug":"contact","status":"publish","type":"page","link":"https:\/\/amisducasset.net\/index.php\/contact\/","title":{"rendered":"Contact"},"content":{"rendered":"<p>\t\t\t\t<strong>Contact Adressa <\/strong><br \/>\nLes Amis du Casset<br \/>\nc\/o H\u00e9l\u00e8ne Denis<br \/>\nRue des Petites S\u0153urs<br \/>\nLe Casset<br \/>\n05220 Le Mon\u00eatier-les-Bains<\/p>\n<p>NB mail containing cheques and money \u00a0 should be sent directly to the Treasurer.<br \/>\n[contact-form-7 404 \"Non trouv\u00e9\"]\t\t<\/p>\n","protected":false},"excerpt":{"rendered":"<p>Contact Adressa Les Amis du Casset c\/o H\u00e9l\u00e8ne Denis Rue des Petites S\u0153urs Le Casset 05220 Le Mon\u00eatier-les-Bains NB mail containing cheques and money \u00a0 should be sent directly to the Treasurer.<\/p>\n","protected":false},"author":1,"featured_media":0,"parent":0,"menu_order":0,"comment_status":"open","ping_status":"open","template":"","meta":{"footnotes":""},"class_list":["post-562","page","type-page","status-publish","hentry"],"_links":{"self":[{"href":"https:\/\/amisducasset.net\/index.php\/wp-json\/wp\/v2\/pages\/562","targetHints":{"allow":["GET"]}}],"collection":[{"href":"https:\/\/amisducasset.net\/index.php\/wp-json\/wp\/v2\/pages"}],"about":[{"href":"https:\/\/amisducasset.net\/index.php\/wp-json\/wp\/v2\/types\/page"}],"author":[{"embeddable":true,"href":"https:\/\/amisducasset.net\/index.php\/wp-json\/wp\/v2\/users\/1"}],"replies":[{"embeddable":true,"href":"https:\/\/amisducasset.net\/index.php\/wp-json\/wp\/v2\/comments?post=562"}],"version-history":[{"count":0,"href":"https:\/\/amisducasset.net\/index.php\/wp-json\/wp\/v2\/pages\/562\/revisions"}],"wp:attachment":[{"href":"https:\/\/amisducasset.net\/index.php\/wp-json\/wp\/v2\/media?parent=562"}],"curies":[{"name":"wp","href":"https:\/\/api.w.org\/{rel}","templated":true}]}}