{"id":414,"date":"2013-08-22T19:12:12","date_gmt":"2013-08-22T19:12:12","guid":{"rendered":"http:\/\/www.amisducasset.com\/?page_id=414"},"modified":"2013-08-22T19:12:12","modified_gmt":"2013-08-22T19:12:12","slug":"moulin","status":"publish","type":"page","link":"https:\/\/amisducasset.net\/index.php\/moulin\/","title":{"rendered":"Moulin"},"content":{"rendered":"<p align=\"justify\"><span style=\"font-family: 'Times New Roman'; color: #333333;\">A la suite d\u2019une r\u00e9union publique tenue \u00e0 la salle du D\u00f4me le 8 novembre 2013 , au cours de laquelle l\u2019opposition g\u00e9n\u00e9rale \u00e0 l\u2019implantation d\u2019un nouveau b\u00e2timent en rive droite de la Guisane s\u2019est fort clairement affich\u00e9e, le projet de r\u00e9novation du moulin s\u2019inscrit maintenant dans une d\u00e9marche globale concert\u00e9e avec le Parc des Ecrins qui souhaite proc\u00e9der \u00e0 la r\u00e9habilitation de sa \u00ab Maison \u00bb \u00e0 l\u2019entr\u00e9e du hameau. <\/span><\/p>\n<p align=\"justify\"><span style=\"font-family: 'Times New Roman'; color: #333333;\">Notre action a port\u00e9 ses fruits : c\u2019est donc \u00e0 cet endroit \u00a0que se feront les am\u00e9nagements annexes permettant d\u2019assurer la mise en valeur et la visite du moulin. Esp\u00e9rant que le projet modifi\u00e9 prendra vite corps, nous avons renouvel\u00e9 notre attachement \u00e0 la sauvegarde du moulin et rappel\u00e9 \u00e0 la commune notre demande de concertation et notre proposition d\u2019aide, notamment pour aider \u00e0 collecter des fonds au cas o\u00f9 les fonds publics seraient insuffisants. Nous regrettons n\u00e9anmoins que\u00a0 le comit\u00e9 de pilotage, auquel nous avions \u00e9t\u00e9 convi\u00e9s au d\u00e9part, ne soit plus convoqu\u00e9.<\/span><\/p>\n<p align=\"justify\"><span style=\"color: #333333;\"><span style=\"font-family: Times New Roman;\">Ces orientations ont \u00e9t\u00e9 confirm\u00e9es lors de r\u00e9unions du conseil municipal ult\u00e9rieures: la<\/span><span style=\"font-family: Times New Roman;\"> consultation pour la ma\u00eetrise d\u2019\u0153uvre compl\u00e8te relative \u00e0 la restauration et la valorisation du moulin du Casset a \u00e9t\u00e9 lanc\u00e9e ( et\u00a0 le march\u00e9 attribu\u00e9 au cabinet Archiplus ), la premi\u00e8re phase est en cours (confortement des fondations) ensuite une \u00e9tude technique sera conduite pour attaquer d\u00e8s le \u00a0printemps la r\u00e9novation du b\u00e2timent.<\/span><\/span><\/p>\n","protected":false},"excerpt":{"rendered":"<p>A la suite d\u2019une r\u00e9union publique tenue \u00e0 la salle du D\u00f4me le 8 novembre 2013 , au cours de laquelle l\u2019opposition g\u00e9n\u00e9rale \u00e0 l\u2019implantation d\u2019un nouveau b\u00e2timent en rive droite de la Guisane s\u2019est fort clairement affich\u00e9e, le projet de r\u00e9novation du moulin s\u2019inscrit maintenant dans une d\u00e9marche globale concert\u00e9e avec le Parc des &hellip; <a href=\"https:\/\/amisducasset.net\/index.php\/moulin\/\" class=\"more-link\">Continuer la lecture de <span class=\"screen-reader-text\">Moulin<\/span>  <span class=\"meta-nav\">&rarr;<\/span><\/a><\/p>\n","protected":false},"author":1,"featured_media":0,"parent":0,"menu_order":0,"comment_status":"open","ping_status":"open","template":"","meta":{"footnotes":""},"class_list":["post-414","page","type-page","status-publish","hentry"],"_links":{"self":[{"href":"https:\/\/amisducasset.net\/index.php\/wp-json\/wp\/v2\/pages\/414","targetHints":{"allow":["GET"]}}],"collection":[{"href":"https:\/\/amisducasset.net\/index.php\/wp-json\/wp\/v2\/pages"}],"about":[{"href":"https:\/\/amisducasset.net\/index.php\/wp-json\/wp\/v2\/types\/page"}],"author":[{"embeddable":true,"href":"https:\/\/amisducasset.net\/index.php\/wp-json\/wp\/v2\/users\/1"}],"replies":[{"embeddable":true,"href":"https:\/\/amisducasset.net\/index.php\/wp-json\/wp\/v2\/comments?post=414"}],"version-history":[{"count":0,"href":"https:\/\/amisducasset.net\/index.php\/wp-json\/wp\/v2\/pages\/414\/revisions"}],"wp:attachment":[{"href":"https:\/\/amisducasset.net\/index.php\/wp-json\/wp\/v2\/media?parent=414"}],"curies":[{"name":"wp","href":"https:\/\/api.w.org\/{rel}","templated":true}]}}