{"id":410,"date":"2013-08-22T18:59:58","date_gmt":"2013-08-22T18:59:58","guid":{"rendered":"http:\/\/www.amisducasset.com\/?page_id=410"},"modified":"2013-08-22T18:59:58","modified_gmt":"2013-08-22T18:59:58","slug":"unannounced-hydro-electric-dam","status":"publish","type":"page","link":"https:\/\/amisducasset.net\/index.php\/unannounced-hydro-electric-dam\/","title":{"rendered":"NON au projet de Micro Centrale"},"content":{"rendered":"<p>\t\t\t\t&nbsp;<\/p>\n<p><strong>Non \u00e0 la microcentrale des Tabuc<\/strong><\/p>\n<p><strong>Un projet de microcentrale de 4,5 MW menace les deux Tabuc.<\/strong><\/p>\n<p><strong>Sa r\u00e9alisation causerait un grave dommage au vallon du petit Tabuc, site exceptionnel, lieu de promenade encore sauvage et tr\u00e8s appr\u00e9ci\u00e9 par tous les publics, porte d\u2019entr\u00e9e du Parc des Ecrins et de d\u00e9couverte de la haute montagne, tout cela pour une rentabilit\u00e9 factice li\u00e9e \u00e0 un syst\u00e8me de subventions pesant sur le consommateur d\u2019\u00e9lectricit\u00e9.<\/strong><\/p>\n<p><strong>Notre association avait d\u00e9j\u00e0 combattu un projet de ce genre en 1978 et se mobilise \u00e0 nouveau pour \u00e9viter le saccage du petit Tabuc.<\/strong><\/p>\n<p>&nbsp;<\/p>\n<p>Un important projet de microcentrale hydro\u00e9lectrique de 4,5 MW est en cours d\u2019\u00e9tude sur les deux Tabuc, il explique \u00e0 lui seul le retrait du Petit Tabuc et du Grand Tabuc de la liste 1 des cours d\u2019eau prot\u00e9g\u00e9s publi\u00e9 au JO du 11 septembre 2013. Cette mauvaise nouvelle nous a \u00e9t\u00e9 confirm\u00e9e par la r\u00e9ponse du pr\u00e9fet coordonnateur de bassin \u00e0 notre recours gracieux contre l\u2019arr\u00eat\u00e9 de classement qui omettait ces deux affluents de la Guisane dans la protection.<\/p>\n<p>La commune de Mon\u00eatier a confi\u00e9 l\u2019\u00e9tude \u00e0 EDSB (Energie D\u00e9veloppement Service du Brian\u00e7onnais), entreprise de production et distribution d&rsquo;\u00e9lectricit\u00e9 \u00e0 participation EDF et ville de Brian\u00e7on.<\/p>\n<p>La rentabilit\u00e9 d\u2019un tel projet est artificielle, il s\u2019agit de transfert du consommateur et du contribuable au b\u00e9n\u00e9fice du constructeur et \u00e9ventuellement de la commune d\u2019implantation.<\/p>\n<p>En effet, les nouveaux projets de microcentrales au fil de l\u2019eau ne trouvent actuellement leur rentabilit\u00e9 que par le prix de rachat major\u00e9 auquel EDF doit acheter la production \u00e9lectrique, cette subvention, r\u00e9percut\u00e9e sur le consommateur dans sa facture d\u2019\u00e9lectricit\u00e9, n\u2019a pas de justification \u00e9conomique pour une \u00e9nergie mature comme l\u2019hydro\u00e9lectricit\u00e9.<\/p>\n<p>Malgr\u00e9 l\u2019absence d\u2019int\u00e9r\u00eat \u00e9conomique g\u00e9n\u00e9ral, les dommages sont tr\u00e8s graves : il faut s\u2019attendre au saccage du Vallon du Tabuc du fait de la construction d\u2019un captage et d\u2019une conduite forc\u00e9e avec construction d\u2019une route in\u00e9vitable pour amener les gros engins et \u00e9quipements, ensuite il ne restera de notre petit Tabuc que le faible d\u00e9bit r\u00e9siduel l\u00e9gal (moins d\u20191\/5\u00e8 du flux actuel environ).<\/p>\n<p>Cette nouvelle est consternante pour notre hameau, pour les centaines de promeneurs qui \u00e0 longueur d\u2019\u00e9t\u00e9 en longent les rives sur le GR 54, montant au lac de la Douche \u00e0 Arsine ou m\u00eame s\u2019amusent en famille au bord du cours d\u2019eau.<\/p>\n<p>Nous n\u2019accepterons pas que cette porte d\u2019entr\u00e9e du Parc des Ecrins, o\u00f9 l\u2019on nous invite actuellement \u00e0 contempler le caract\u00e8re exceptionnel de ce vallon, observer les cingles plongeurs et nous impr\u00e9gner de la beaut\u00e9 du paysage et de son histoire perde son int\u00e9r\u00eat et son caract\u00e8re.<\/p>\n<p>Notre association avait d\u00e9j\u00e0 combattu avec succ\u00e8s un projet de ce genre en 1978..il nous reste \u00e0 recommencer en affirmant le caract\u00e8re intouchable de ces lieux.\t\t<\/p>\n","protected":false},"excerpt":{"rendered":"<p>&nbsp; Non \u00e0 la microcentrale des Tabuc Un projet de microcentrale de 4,5 MW menace les deux Tabuc. Sa r\u00e9alisation causerait un grave dommage au vallon du petit Tabuc, site exceptionnel, lieu de promenade encore sauvage et tr\u00e8s appr\u00e9ci\u00e9 par tous les publics, porte d\u2019entr\u00e9e du Parc des Ecrins et de d\u00e9couverte de la haute &hellip; <a href=\"https:\/\/amisducasset.net\/index.php\/unannounced-hydro-electric-dam\/\" class=\"more-link\">Continuer la lecture de <span class=\"screen-reader-text\">NON au projet de Micro Centrale<\/span>  <span class=\"meta-nav\">&rarr;<\/span><\/a><\/p>\n","protected":false},"author":1,"featured_media":667,"parent":0,"menu_order":0,"comment_status":"open","ping_status":"closed","template":"","meta":{"footnotes":""},"class_list":["post-410","page","type-page","status-publish","has-post-thumbnail","hentry"],"_links":{"self":[{"href":"https:\/\/amisducasset.net\/index.php\/wp-json\/wp\/v2\/pages\/410","targetHints":{"allow":["GET"]}}],"collection":[{"href":"https:\/\/amisducasset.net\/index.php\/wp-json\/wp\/v2\/pages"}],"about":[{"href":"https:\/\/amisducasset.net\/index.php\/wp-json\/wp\/v2\/types\/page"}],"author":[{"embeddable":true,"href":"https:\/\/amisducasset.net\/index.php\/wp-json\/wp\/v2\/users\/1"}],"replies":[{"embeddable":true,"href":"https:\/\/amisducasset.net\/index.php\/wp-json\/wp\/v2\/comments?post=410"}],"version-history":[{"count":0,"href":"https:\/\/amisducasset.net\/index.php\/wp-json\/wp\/v2\/pages\/410\/revisions"}],"wp:featuredmedia":[{"embeddable":true,"href":"https:\/\/amisducasset.net\/index.php\/wp-json\/"}],"wp:attachment":[{"href":"https:\/\/amisducasset.net\/index.php\/wp-json\/wp\/v2\/media?parent=410"}],"curies":[{"name":"wp","href":"https:\/\/api.w.org\/{rel}","templated":true}]}}