{"id":408,"date":"2013-08-22T17:17:46","date_gmt":"2013-08-22T17:17:46","guid":{"rendered":"http:\/\/www.amisducasset.com\/?page_id=408"},"modified":"2013-08-22T17:17:46","modified_gmt":"2013-08-22T17:17:46","slug":"campagnes","status":"publish","type":"page","link":"https:\/\/amisducasset.net\/index.php\/campagnes\/","title":{"rendered":"Pr\u00e9occupations actuelles"},"content":{"rendered":"<p>\t\t\t\t<i>L\u2019association peut se saisir des questions concernant directement son objet social, soit de sa propre initiative, soit en r\u00e9ponse \u00e0 des sollicitations diverses, par exemple\u00a0 en r\u00e9ponse \u00e0 un projet d\u2019am\u00e9nagement, \u00e0 une enqu\u00eate publique. <\/i><\/p>\n<p><i>Certaines pr\u00e9occupations anciennes (voir historique) restent d\u2019actualit\u00e9 ou sont de retour apr\u00e8s quelques ann\u00e9es d\u2019oubli. <\/i><\/p>\n<p><i>Sont ici pr\u00e9sent\u00e9es\u00a0 les plus importantes dans la p\u00e9riode. <\/i><\/p>\n<p><i>Divers modes d\u2019action peuvent \u00eatre utilis\u00e9s\u00a0: recherche de dialogue, courrier aux autorit\u00e9s (le cas \u00e9ch\u00e9ant en r\u00e9ponse \u00e0 des consultations ou\u00a0 des enqu\u00eates publiques), p\u00e9titions, mobilisation des adh\u00e9rents et enfin recours gracieux ou contentieux si besoin est. <\/i><\/p>\n<p>&nbsp;\t\t<\/p>\n","protected":false},"excerpt":{"rendered":"<p>L\u2019association peut se saisir des questions concernant directement son objet social, soit de sa propre initiative, soit en r\u00e9ponse \u00e0 des sollicitations diverses, par exemple\u00a0 en r\u00e9ponse \u00e0 un projet d\u2019am\u00e9nagement, \u00e0 une enqu\u00eate publique. Certaines pr\u00e9occupations anciennes (voir historique) restent d\u2019actualit\u00e9 ou sont de retour apr\u00e8s quelques ann\u00e9es d\u2019oubli. Sont ici pr\u00e9sent\u00e9es\u00a0 les plus &hellip; <a href=\"https:\/\/amisducasset.net\/index.php\/campagnes\/\" class=\"more-link\">Continuer la lecture de <span class=\"screen-reader-text\">Pr\u00e9occupations actuelles<\/span>  <span class=\"meta-nav\">&rarr;<\/span><\/a><\/p>\n","protected":false},"author":1,"featured_media":0,"parent":0,"menu_order":0,"comment_status":"closed","ping_status":"closed","template":"","meta":{"footnotes":""},"class_list":["post-408","page","type-page","status-publish","hentry"],"_links":{"self":[{"href":"https:\/\/amisducasset.net\/index.php\/wp-json\/wp\/v2\/pages\/408","targetHints":{"allow":["GET"]}}],"collection":[{"href":"https:\/\/amisducasset.net\/index.php\/wp-json\/wp\/v2\/pages"}],"about":[{"href":"https:\/\/amisducasset.net\/index.php\/wp-json\/wp\/v2\/types\/page"}],"author":[{"embeddable":true,"href":"https:\/\/amisducasset.net\/index.php\/wp-json\/wp\/v2\/users\/1"}],"replies":[{"embeddable":true,"href":"https:\/\/amisducasset.net\/index.php\/wp-json\/wp\/v2\/comments?post=408"}],"version-history":[{"count":0,"href":"https:\/\/amisducasset.net\/index.php\/wp-json\/wp\/v2\/pages\/408\/revisions"}],"wp:attachment":[{"href":"https:\/\/amisducasset.net\/index.php\/wp-json\/wp\/v2\/media?parent=408"}],"curies":[{"name":"wp","href":"https:\/\/api.w.org\/{rel}","templated":true}]}}