{"id":2526,"date":"2021-03-06T09:40:53","date_gmt":"2021-03-06T09:40:53","guid":{"rendered":"http:\/\/amisducasset.net\/?page_id=2526"},"modified":"2021-03-06T09:40:53","modified_gmt":"2021-03-06T09:40:53","slug":"petit-tabuc","status":"publish","type":"page","link":"https:\/\/amisducasset.net\/index.php\/petit-tabuc\/","title":{"rendered":"PETIT TABUC"},"content":{"rendered":"\n<div class=\"wp-block-file\"><a href=\"https:\/\/amisducasset.net\/wp-content\/uploads\/2021\/03\/210228-DL-Petit-Tabuc-2.jpg\">210228-DL-Petit-Tabuc-2<\/a><a href=\"https:\/\/amisducasset.net\/wp-content\/uploads\/2021\/03\/210228-DL-Petit-Tabuc-2.jpg\" class=\"wp-block-file__button\" download>Download<\/a><\/div>\n\n\n\n<div class=\"wp-block-file\"><a href=\"https:\/\/amisducasset.net\/wp-content\/uploads\/2021\/03\/gains-compar\u00e9s-hydro\u00e9lectricit\u00e9-et-re\u00ecnovation-1.docx\">gains-compar\u00e9s-hydro\u00e9lectricit\u00e9-et-re\u00ecnovation-1<\/a><a href=\"https:\/\/amisducasset.net\/wp-content\/uploads\/2021\/03\/gains-compar\u00e9s-hydro\u00e9lectricit\u00e9-et-re\u00ecnovation-1.docx\" class=\"wp-block-file__button\" download>Download<\/a><\/div>\n\n\n\n<div class=\"wp-block-file\"><a href=\"https:\/\/amisducasset.net\/wp-content\/uploads\/2021\/03\/Petit-Tabuc_estimation-de-la-charge-de-service-public-induite-1.docx\">Petit-Tabuc_estimation-de-la-charge-de-service-public-induite-1<\/a><a href=\"https:\/\/amisducasset.net\/wp-content\/uploads\/2021\/03\/Petit-Tabuc_estimation-de-la-charge-de-service-public-induite-1.docx\" class=\"wp-block-file__button\" download>Download<\/a><\/div>\n\n\n\n<p><\/p>\n","protected":false},"excerpt":{"rendered":"","protected":false},"author":2,"featured_media":2309,"parent":0,"menu_order":0,"comment_status":"open","ping_status":"closed","template":"","meta":{"footnotes":""},"class_list":["post-2526","page","type-page","status-publish","has-post-thumbnail","hentry"],"_links":{"self":[{"href":"https:\/\/amisducasset.net\/index.php\/wp-json\/wp\/v2\/pages\/2526","targetHints":{"allow":["GET"]}}],"collection":[{"href":"https:\/\/amisducasset.net\/index.php\/wp-json\/wp\/v2\/pages"}],"about":[{"href":"https:\/\/amisducasset.net\/index.php\/wp-json\/wp\/v2\/types\/page"}],"author":[{"embeddable":true,"href":"https:\/\/amisducasset.net\/index.php\/wp-json\/wp\/v2\/users\/2"}],"replies":[{"embeddable":true,"href":"https:\/\/amisducasset.net\/index.php\/wp-json\/wp\/v2\/comments?post=2526"}],"version-history":[{"count":1,"href":"https:\/\/amisducasset.net\/index.php\/wp-json\/wp\/v2\/pages\/2526\/revisions"}],"predecessor-version":[{"id":2530,"href":"https:\/\/amisducasset.net\/index.php\/wp-json\/wp\/v2\/pages\/2526\/revisions\/2530"}],"wp:featuredmedia":[{"embeddable":true,"href":"https:\/\/amisducasset.net\/index.php\/wp-json\/wp\/v2\/media\/2309"}],"wp:attachment":[{"href":"https:\/\/amisducasset.net\/index.php\/wp-json\/wp\/v2\/media?parent=2526"}],"curies":[{"name":"wp","href":"https:\/\/api.w.org\/{rel}","templated":true}]}}