{"id":1390,"date":"2016-08-30T18:05:44","date_gmt":"2016-08-30T18:05:44","guid":{"rendered":"http:\/\/www.amisducasset.com\/?page_id=1390"},"modified":"2016-08-30T18:05:44","modified_gmt":"2016-08-30T18:05:44","slug":"lac-de-la-douche-1901-m-et-lac-glacier-darsine-2455-m","status":"publish","type":"page","link":"https:\/\/amisducasset.net\/index.php\/lac-de-la-douche-1901-m-et-lac-glacier-darsine-2455-m\/","title":{"rendered":"Lac de la Douche  1901 m  et lac glacier d&rsquo;Arsine 2455 m"},"content":{"rendered":"<p>\t\t\t\t<strong><u>Acc\u00e8s routier<\/u><\/strong> : Brian\u00e7on, le Mon\u00eatier-les-Bains, le Casset (D.300).<\/p>\n<p><strong><u>D\u00e9part<\/u><\/strong> : Pont du Clot du Gu\u00e9 1567 m<\/p>\n<p><strong><u>D\u00e9nivel\u00e9<\/u><\/strong> : 334 m lac de la Douche + 554 m lac du glacier d&rsquo;Arsine<\/p>\n<table width=\"412\">\n<tbody>\n<tr>\n<td width=\"136\"><strong>Horaire de mont\u00e9e<\/strong> :<\/td>\n<td width=\"276\">1 H 15 lac de la Douche + 2 H 30 lac d&rsquo;Arsine<\/td>\n<\/tr>\n<tr>\n<td><strong>Horaire Global<\/strong> :<\/td>\n<td>2 H 15 lac de la Douche<\/td>\n<\/tr>\n<tr>\n<td><\/td>\n<td>6 H 45 lac glacier d&rsquo;Arsine<\/td>\n<\/tr>\n<\/tbody>\n<\/table>\n<p><strong><u>Descriptif<\/u><\/strong> :<br \/>\nCette randonn\u00e9e a la particularit\u00e9 d&rsquo;offrir une diversit\u00e9 de paysages qui permet de d\u00e9couvrir les richesses que rec\u00e8lent les Alpes\u00a0: village traditionnel avec le Casset (1), for\u00eat de m\u00e9l\u00e8zes, alpages, glaciers, lacs glaciaires, moraine et faune. En partant t\u00f4t vous pourrez observer dans la for\u00eat de m\u00e9l\u00e8zes entre le d\u00e9part et le lac de la Douche, des \u00e9cureuils et des chevreuils, cela sous le regard du glacier du Casset, des T\u00eates de Sainte Margueritte 2796 m et la pointe de la Douche 2230 m (2).<br \/>\nContrairement \u00e0 la plupart des lacs naturels d&rsquo;altitude qui sont limpides, le lac de la Douche (3) et le lac du glacier d&rsquo;Arsine sont des lacs \u00ab\u00a0turbides\u00a0\u00bb (4). La couleur laiteuse\/bleu turquoise de leurs eaux est d\u00fbe aux apports de \u00ab\u00a0farine glaciaire\u00a0\u00bb produit par l&rsquo;abrasion qu&rsquo;exerce le glacier sur le lit de la roche.<br \/>\nLe magnifique glacier du Casset (5), la vue est imprenable, les Pics du Casset 3255 m (6) et la pointe du R\u00e9ou d&rsquo;Arsine (8) dominent le lac de la Douche. La mont\u00e9e au col d&rsquo;Arsine \u00e0 2340 m se fait dans le vallon verdoyant et fleuri (7) du Petit Tabuc et en longeant le torrent du m\u00eame nom. Il n&rsquo;est pas rare d&rsquo;apercevoir de nombreux chamois. Des marmottes bien en chair sont elles aussi pr\u00e9sentes en nombre surtout pr\u00e8s des petits lacs situ\u00e9s non loin des chalets d&rsquo;Arsine 2230 m.<br \/>\nChangement complet d&rsquo;atmosph\u00e8re au lac du glacier d&rsquo;Arsine (9), le paysage devient min\u00e9ral, lunaire. Le lac est constitu\u00e9 de deux parties s\u00e9par\u00e9es par une petite moraine, il s&rsquo;est form\u00e9 en plusieurs \u00e9tapes \u00e0 partir des ann\u00e9es 1940. L&rsquo;imposante moraine frontale a \u00e9t\u00e9 domestiqu\u00e9e dans les ann\u00e9es 1985 &#8211; 1986 pour \u00e9viter un cataclysme. qui aurait eu comme victime le village du Casset. Situ\u00e9 au pied du glacier d&rsquo;Arsine (10) qui l&rsquo;alimente, le lac est surplomb\u00e9 par la Montagne des Agneaux 3646 m, le Pic de Neige Cordier 3614 m et le Pic d&rsquo;Arsine 3272 m.<\/p>\n<p><strong><u>Itin\u00e9raire<\/u><\/strong> :<br \/>\nTraversez le pont, prenez le GR 54 en direction du lac de la Douche. La mont\u00e9e se fait en douceur sur un large chemin en for\u00eat de m\u00e9l\u00e8zes et une v\u00e9g\u00e9tation luxuriante. Arriv\u00e9 \u00e0 Le Grand Pr\u00e9 1683 m tournez \u00e0 gauche, la pente devient plus soutenue, elle est suivie d&rsquo;un replat avant d&rsquo;arriver au lac de la Douche. Continuez sur le GR 54 pour atteindre le col d&rsquo;Arsine \u00e0 2348 m. Ensuite soit vous coupez plein sud ou soit vous rejoignez le chemin qui monte de Villar-d&rsquo;Ar\u00eane pour prendre le sentier bien marqu\u00e9 sur la moraine qui conduit au lac d&rsquo;Arsine.<\/p>\n<table width=\"410\">\n<tbody>\n<tr>\n<td width=\"307\"><strong><u><br \/>\nRetour<\/u><\/strong> :<br \/>\nRevenir par le m\u00eame itin\u00e9raire. 3 H 00<\/td>\n<td width=\"103\"><\/td>\n<\/tr>\n<\/tbody>\n<\/table>\n<p><strong><u>Difficult\u00e9<\/u><\/strong> :<br \/>\nTr\u00e8s bon marcheur. Pas de difficult\u00e9 majeure, mais temps de marche assez long . 18 kms environ<\/p>\n<p>Les moins aguerris pourront se contenter d&rsquo;un aller-retour au lac de la Douche.\t\t<\/p>\n","protected":false},"excerpt":{"rendered":"<p>Acc\u00e8s routier : Brian\u00e7on, le Mon\u00eatier-les-Bains, le Casset (D.300). D\u00e9part : Pont du Clot du Gu\u00e9 1567 m D\u00e9nivel\u00e9 : 334 m lac de la Douche + 554 m lac du glacier d&rsquo;Arsine Horaire de mont\u00e9e : 1 H 15 lac de la Douche + 2 H 30 lac d&rsquo;Arsine Horaire Global : 2 H &hellip; <a href=\"https:\/\/amisducasset.net\/index.php\/lac-de-la-douche-1901-m-et-lac-glacier-darsine-2455-m\/\" class=\"more-link\">Continuer la lecture de <span class=\"screen-reader-text\">Lac de la Douche  1901 m  et lac glacier d&rsquo;Arsine 2455 m<\/span>  <span class=\"meta-nav\">&rarr;<\/span><\/a><\/p>\n","protected":false},"author":2,"featured_media":0,"parent":0,"menu_order":0,"comment_status":"closed","ping_status":"closed","template":"","meta":{"footnotes":""},"class_list":["post-1390","page","type-page","status-publish","hentry"],"_links":{"self":[{"href":"https:\/\/amisducasset.net\/index.php\/wp-json\/wp\/v2\/pages\/1390","targetHints":{"allow":["GET"]}}],"collection":[{"href":"https:\/\/amisducasset.net\/index.php\/wp-json\/wp\/v2\/pages"}],"about":[{"href":"https:\/\/amisducasset.net\/index.php\/wp-json\/wp\/v2\/types\/page"}],"author":[{"embeddable":true,"href":"https:\/\/amisducasset.net\/index.php\/wp-json\/wp\/v2\/users\/2"}],"replies":[{"embeddable":true,"href":"https:\/\/amisducasset.net\/index.php\/wp-json\/wp\/v2\/comments?post=1390"}],"version-history":[{"count":0,"href":"https:\/\/amisducasset.net\/index.php\/wp-json\/wp\/v2\/pages\/1390\/revisions"}],"wp:attachment":[{"href":"https:\/\/amisducasset.net\/index.php\/wp-json\/wp\/v2\/media?parent=1390"}],"curies":[{"name":"wp","href":"https:\/\/api.w.org\/{rel}","templated":true}]}}