{"id":1155,"date":"2014-08-30T07:49:00","date_gmt":"2014-08-30T07:49:00","guid":{"rendered":"http:\/\/www.amisducasset.com\/?page_id=1155"},"modified":"2014-08-30T07:49:00","modified_gmt":"2014-08-30T07:49:00","slug":"microcentrale-du-tabuc-reunion-edsb","status":"publish","type":"page","link":"https:\/\/amisducasset.net\/index.php\/microcentrale-du-tabuc-reunion-edsb\/","title":{"rendered":"Microcentrale du Tabuc &#8211; r\u00e9union EDSB"},"content":{"rendered":"<p>\t\t\t\t<strong>Compte rendu de la r\u00e9union du 29 juillet 2014 \u00e0 14H entre EDSB, les Amis du Casset, quelques membres des commissions extramunicipales et quelques \u00e9lus de la commune sous la pr\u00e9sidence de Madame le Maire, \u00e0 la mairie \u00a0du Mon\u00eatier.<\/strong><\/p>\n<p>Introduction\u00a0: pr\u00e9sentation de l&rsquo;histoire d&rsquo;EDSB, r\u00e9gie devenue une SEM en 1991 (51% mairie de Brian\u00e7on, 49% EDF), qui fournit actuellement 35% des besoins en \u00e9lectricit\u00e9 de Brian\u00e7on et St Martin de Queyri\u00e8res, r\u00e9alise 9 Millions d&rsquo;euros de CA, et un b\u00e9n\u00e9fice de 10% du CA. La fourniture d\u2019\u00e9lectricit\u00e9 est limit\u00e9e g\u00e9ographiquement aux communes de Brian\u00e7on et St Martin de Queyri\u00e8res. Pour la production, EDSB \u00e9tend son p\u00e9rim\u00e8tre au Brian\u00e7onnais. L&rsquo;avis d\u2019EDF est requis \u00e0 l\u2019occasion des projets importants d\u00e9passant plusieurs millions d\u2019euros comme par exemple la microcentrale du Fontenil (7Millions d &lsquo;\u20ac).<\/p>\n<p><strong>Pr\u00e9sentation du \u00a0projet<\/strong> par le chef du p\u00f4le production d\u2019EDSB.<\/p>\n<p>Tr\u00e8s peu de rivi\u00e8res pouvant encore faire l&rsquo;objet d&rsquo;am\u00e9nagements hydro\u00e9lectriques, \u00a0il pr\u00e9cise que les Tabuc ont \u00e9t\u00e9 d\u00e9class\u00e9s en 2013 \u00a0de la liste 1 (liste des cours d\u2019eau sur lesquels aucune autorisation ou concession ne peut \u00eatre accord\u00e9e pour la construction de nouveaux ouvrages) afin de pouvoir \u00a0justement les am\u00e9nager. \u00a0Le projet n\u2019est pas encore totalement d\u00e9fini, l\u2019\u00e9tude d\u2019impact qui doit couvrir les diff\u00e9rentes saisons se terminant \u00a0\u00a0 au plus tard vers janvier 2015. \u00a0L&rsquo;\u00e9tude d\u2019impact confi\u00e9e \u00e0 un bureau d\u2019\u00e9tude sp\u00e9cialis\u00e9, est en cours pour le Petit et le Grand Tabuc. Ensuite, viendra l\u2019\u00e9tude de faisabilit\u00e9 afin d\u2019envisager notamment la rentabilit\u00e9 du projet, puis l\u2019\u00e9tude technique.<\/p>\n<p>Le projet comporte deux microcentrales \u00a0distinctes (une sur le petit Tabuc, une sur le grand Tabuc). Il s&rsquo;agit d&rsquo;installations en d\u00e9rivation qui d\u00e9tournent une portion non n\u00e9gligeable du cours d&rsquo;eau (l&rsquo;\u00e9nergie est principalement issue de la hauteur de chute, l&rsquo;eau \u00e9tant restitu\u00e9e \u00e0 distance de la prise d&rsquo;eau).<\/p>\n<p>La puissance serait de 1,5MW pour chacune d\u2019elles. Les prises d&rsquo;eau seraient des prises\u00a0\u00ab\u00a0de montagne\u00a0\u00bb sans r\u00e9servoir. Le dessableur serait enterr\u00e9 \u00e0 la cote 1800 pour le grand Tabuc et pour le petit Tabuc, soit \u00e0 la cote 1680 si les deux torrents sont utilis\u00e9s (torrent du Casset et torrent du Tabuc), soit \u00e0 une cote plus \u00e9lev\u00e9e (100 m lin\u00e9aire au dessus) si le torrent du Casset n&rsquo;est pas utilis\u00e9. Le choix n\u2019est pas encore d\u00e9termin\u00e9.<\/p>\n<p><strong><em>La suite ne concerne que le petit Tabuc<\/em><\/strong><\/p>\n<p>Pour le captage, des am\u00e9nagements importants sont n\u00e9cessaires pour dessabler compte tenu de la nature des sables\u00a0 charri\u00e9s par l\u2019eau, et il faudra pr\u00e9voir des renouvellements fr\u00e9quents du mat\u00e9riel. La conduite forc\u00e9e serait de 600 \u00e0 700 mm de diam\u00e8tre et enterr\u00e9e \u00e0 1m de profondeur. Situ\u00e9e en rive droite, son trac\u00e9 emprunterait autant que possible la piste et le chemin selon la nature de la roche sous-jacente, sauf en dessous du pont du Cl\u00f4t du Gu\u00e9 o\u00f9 le chemin passe en rive gauche. La conduite passerait alors \u00e0 travers le petit bois, et de nombreux arbres devront \u00eatre abattus. Les tuyaux raccord\u00e9s auraient une longueur de 3m permettant de s\u2019adapter \u00e0 la morphologie du terrain. Mais compte tenu du terrain rocailleux, la pelle \u00e0 chenille devra \u00eatre utilis\u00e9e.<\/p>\n<p>La restitution de l&rsquo;eau et la construction de la microcentrale se feraient rive droite du Tabuc \u00e0 l&rsquo;entr\u00e9e du village avant le confluent avec la Guisane.Il faudra sans doute d\u00e9fricher, et le b\u00e2timent serait d\u2019une dimension comparable \u00e0 celle des chalets\u00a0 dans le voisinage (50 \u00e0 70m2 au sol). Le bruit est important et un effort sera fait pour diminuer la nuisance sonore de l\u2019installation. Le raccordement avec le r\u00e9seau \u00e9lectrique se ferait en utilisant des postes de raccordement existants et en enterrant les lignes jusqu&rsquo;au poste de raccordement. La turbine serait une turbine Pelton qui a un rendement plus important \u00e0 l&rsquo;\u00e9tiage.<\/p>\n<p>La production annuelle d&rsquo;\u00e9lectricit\u00e9 attendue avoisinerait 5GWh (soit l\u2019alimentation de 200 \u00e0 250 foyers). La puissance pr\u00e9vue est de 1,5 MW*. \u00a0L\u2019\u00e9tiage se situant en f\u00e9vrier, il est probable que la microcentrale soit arr\u00eat\u00e9e de janvier \u00e0 mi mars. Inversement en p\u00e9riode estivale,\u00a0 vu le d\u00e9bit plus important, il y aura \u00ab\u00a0surverse\u00a0\u00bb (d\u00e9passement du d\u00e9bit r\u00e9serv\u00e9).<\/p>\n<p>Sur les d\u00e9bits r\u00e9serv\u00e9s, la loi sur l\u2019eau impose un d\u00e9bit r\u00e9serv\u00e9 fonction du module (c&rsquo;est \u00e0 dire du d\u00e9bit moyen). C\u2019est l\u2019\u00e9tude d\u2019impact qui \u00a0devra d\u00e9terminer le module, il n\u2019est pas connu \u00e0 ce jour. Il existe des \u00e9tudes anciennes mais elles doivent \u00eatre r\u00e9actualis\u00e9es. Le d\u00e9bit r\u00e9serv\u00e9 peut \u00eatre diff\u00e9rent en \u00e9t\u00e9 et en hiver (L&rsquo;ONEMA, Office National de l&rsquo;Eau et des Milieux Aquatiques, apporte son expertise dans l&rsquo;\u00e9valuation des d\u00e9bits r\u00e9serv\u00e9s). EDSB laisse dans ses projets, en g\u00e9n\u00e9ral, un d\u00e9bit r\u00e9serv\u00e9 sup\u00e9rieur \u00e0 10% du module, de l&rsquo;ordre de 2 \u00e0 2,5 fois plus<\/p>\n<p><strong>Aspects \u00e9conomiques et financiers<\/strong><\/p>\n<p>L&rsquo;\u00e9lectricit\u00e9 est vendue \u00e0 EDF\u00a0 au tarif H07 qui d\u00e9pend de la puissance de la centrale, dans ce cas environ 7,5 c\u20ac\/kWh garantis par contrat sur 20 ans. La production \u00e9tant irr\u00e9guli\u00e8re, la prime de r\u00e9gularit\u00e9 n\u2019est pas accessible.<\/p>\n<p>La rentabilit\u00e9 du projet est donc li\u00e9e \u00e0 l\u2019obligation de rachat \u00e0 ces tarifs avantageux pendant l\u2019\u00e9t\u00e9 au moment o\u00f9 il n\u2019y a pas besoin de cette \u00e9lectricit\u00e9 suppl\u00e9mentaire. Il est clair que la vente sur le march\u00e9 libre en \u00e9t\u00e9,\u00a0 au moment o\u00f9 l\u2019\u00e9lectricit\u00e9 est exc\u00e9dentaire, diminuerait consid\u00e9rablement la rentabilit\u00e9 de l\u2019op\u00e9ration. C\u2019est en f\u00e9vrier que la demande est importante dans la r\u00e9gion et la production sera nulle \u00e0 ce moment.<\/p>\n<p>Le projet du petit Tabuc co\u00fbterait 2 \u00e0 3 Millions d&rsquo;\u20ac, La mise en place de la conduite forc\u00e9e et le groupe de production repr\u00e9sentent l\u2019essentiel du budget Des subventions peuvent \u00eatre obtenues de l&rsquo;ADEME.<\/p>\n<p>Deux \u00a0possibilit\u00e9s existent \u00a0pour monter le projet avec la commune\u00a0: soit un partenariat avec partage des dividendes, \u00a0soit une redevance en g\u00e9n\u00e9ral fix\u00e9e autour de 8% du CA. Madame le Maire signale que la commune ne souhaite pas \u00eatre partie prenante dans le projet et pr\u00e9f\u00e8re la redevance.<\/p>\n<p>Le retour sur investissement pr\u00e9vu est environ de 10 ans \u00e0 12 ans (contre 20 ans pour une centrale nucl\u00e9aire). L\u2019autorisation est d\u00e9livr\u00e9e pour 40 ann\u00e9es maximum. Au bout de 10 ans, il faut faire des travaux de maintenance lourde.<\/p>\n<p>Suite \u00e0 l\u2019\u00e9tude d\u2019impact et de faisabilit\u00e9, l\u2019arr\u00eat\u00e9 pr\u00e9fectoral d\u2019autorisation pourrait \u00eatre d\u00e9livr\u00e9 en 2017. Les travaux ne pouvant se faire l&rsquo;\u00e9t\u00e9 pendant la p\u00e9riode touristique, l&rsquo;am\u00e9nagement s\u2019\u00e9talerait sur deux saisons, le printemps et l&rsquo;automne. La production n\u2019est envisag\u00e9e qu\u2019\u00e0 partir de 2020.<\/p>\n<p>Un intervenant fait remarquer qu&rsquo;il s&rsquo;agit d&rsquo;un projet tr\u00e8s rentable et qu&rsquo;EDSB et la commune pourraient sacrifier un peu de la rentabilit\u00e9 en d\u00e9pla\u00e7ant la microcentrale au niveau du Pont du Cl\u00f4t du Gu\u00e9 de fa\u00e7on \u00e0 laisser tout le d\u00e9bit dans la rivi\u00e8re le long de la piste dans sa partie plate.<\/p>\n<p>Il est r\u00e9pondu \u00e0 une question sur l\u2019emploi \u00e9ventuel\u00a0 cr\u00e9\u00e9 qu\u2019il n\u2019y a pas de cr\u00e9ation d\u2019emploi\u00a0 du fait de ce projet\u00a0: les gros projets actuels (Fontenil) et les autres petits \u00a0projets en cours ne feraient que conforter un emploi \u00e0 Brian\u00e7on.<\/p>\n<p><i style=\"color: #000000;\">*correspond \u00e0 un d\u00e9bit pr\u00e9lev\u00e9 de 1,4 m3\/s,\u00a0<\/i><i style=\"color: #000000;\">d\u2019apr\u00e8s nos calculs tenant compte<\/i><i style=\"color: #000000;\">\u00a0du rendement estim\u00e9 de 70%<\/i><i style=\"color: #000000;\">, voir sur notre site <a href=\"http:\/\/www.amisducasset.com\/documents-annexes\/\">les \u00e9l\u00e9ments chiffr\u00e9s correspondants<\/a><\/i><i style=\"color: #000000;\">.<\/i><\/p>\n<p>&nbsp;<\/p>\n<p>&nbsp;<\/p>\n<p>&nbsp;<\/p>\n<p>&nbsp;\t\t<\/p>\n","protected":false},"excerpt":{"rendered":"<p>Compte rendu de la r\u00e9union du 29 juillet 2014 \u00e0 14H entre EDSB, les Amis du Casset, quelques membres des commissions extramunicipales et quelques \u00e9lus de la commune sous la pr\u00e9sidence de Madame le Maire, \u00e0 la mairie \u00a0du Mon\u00eatier. Introduction\u00a0: pr\u00e9sentation de l&rsquo;histoire d&rsquo;EDSB, r\u00e9gie devenue une SEM en 1991 (51% mairie de Brian\u00e7on, &hellip; <a href=\"https:\/\/amisducasset.net\/index.php\/microcentrale-du-tabuc-reunion-edsb\/\" class=\"more-link\">Continuer la lecture de <span class=\"screen-reader-text\">Microcentrale du Tabuc &#8211; r\u00e9union EDSB<\/span>  <span class=\"meta-nav\">&rarr;<\/span><\/a><\/p>\n","protected":false},"author":1,"featured_media":0,"parent":0,"menu_order":0,"comment_status":"open","ping_status":"open","template":"","meta":{"footnotes":""},"class_list":["post-1155","page","type-page","status-publish","hentry"],"_links":{"self":[{"href":"https:\/\/amisducasset.net\/index.php\/wp-json\/wp\/v2\/pages\/1155","targetHints":{"allow":["GET"]}}],"collection":[{"href":"https:\/\/amisducasset.net\/index.php\/wp-json\/wp\/v2\/pages"}],"about":[{"href":"https:\/\/amisducasset.net\/index.php\/wp-json\/wp\/v2\/types\/page"}],"author":[{"embeddable":true,"href":"https:\/\/amisducasset.net\/index.php\/wp-json\/wp\/v2\/users\/1"}],"replies":[{"embeddable":true,"href":"https:\/\/amisducasset.net\/index.php\/wp-json\/wp\/v2\/comments?post=1155"}],"version-history":[{"count":0,"href":"https:\/\/amisducasset.net\/index.php\/wp-json\/wp\/v2\/pages\/1155\/revisions"}],"wp:attachment":[{"href":"https:\/\/amisducasset.net\/index.php\/wp-json\/wp\/v2\/media?parent=1155"}],"curies":[{"name":"wp","href":"https:\/\/api.w.org\/{rel}","templated":true}]}}